{"id":7272,"date":"2025-03-30T16:50:53","date_gmt":"2025-03-30T16:50:53","guid":{"rendered":"https:\/\/www.lespavagesmonteregiens.com\/soumission\/?page_id=7272"},"modified":"2025-12-22T17:07:48","modified_gmt":"2025-12-22T17:07:48","slug":"a-propos","status":"publish","type":"page","link":"http:\/\/www.lespavagesmonteregiens.com\/soumission\/a-propos\/","title":{"rendered":"\u00c0 propos"},"content":{"rendered":"<p>[et_pb_section fb_built=\u00a0\u00bb1&Prime; _builder_version=\u00a0\u00bb4.25.1&Prime; _module_preset=\u00a0\u00bbdefault\u00a0\u00bb custom_padding=\u00a0\u00bb||22px|||\u00a0\u00bb global_colors_info=\u00a0\u00bb{}\u00a0\u00bb][et_pb_row column_structure=\u00a0\u00bb2_3,1_3&Prime; _builder_version=\u00a0\u00bb4.25.1&Prime; _module_preset=\u00a0\u00bbdefault\u00a0\u00bb global_colors_info=\u00a0\u00bb{}\u00a0\u00bb][et_pb_column type=\u00a0\u00bb2_3&Prime; _builder_version=\u00a0\u00bb4.25.1&Prime; _module_preset=\u00a0\u00bbdefault\u00a0\u00bb global_colors_info=\u00a0\u00bb{}\u00a0\u00bb][et_pb_text _builder_version=\u00a0\u00bb4.25.1&Prime; _module_preset=\u00a0\u00bbdefault\u00a0\u00bb global_colors_info=\u00a0\u00bb{}\u00a0\u00bb]<\/p>\n<h1>Votre expert en pavage et asphaltage sur la Rive-Sud depuis plus de 15 ans<\/h1>\n<p>Depuis plus de 15 ans, Les Pavages Mont\u00e9r\u00e9giens, une entreprise locale bas\u00e9e \u00e0 Mercier, est fi\u00e8re de servir la rive-sud de Montr\u00e9al. Sous la direction de M. Patrick McCabee, un expert chevronn\u00e9 ayant collabor\u00e9 avec des compagnies d&rsquo;asphalte renomm\u00e9es dans la r\u00e9gion, nous offrons des solutions sur mesure pour vos projets r\u00e9sidentiels et commerciaux.\u200b<\/p>\n<p>Notre approche dynamique et professionnelle garantit un service cl\u00e9 en main, que ce soit pour l&rsquo;asphaltage, la cr\u00e9ation de bordures et trottoirs en b\u00e9ton coul\u00e9, ou l&rsquo;excavation de stationnements. En tant qu&rsquo;entreprise familiale, nous accordons une attention particuli\u00e8re \u00e0 chaque \u00e9tape de votre projet, assurant ainsi un travail de qualit\u00e9 sup\u00e9rieure qui r\u00e9pond \u00e0 vos attentes.\u200b<\/p>\n<p><strong>Faites confiance \u00e0 Les Pavages Mont\u00e9r\u00e9giens pour concr\u00e9tiser vos projets avec expertise et d\u00e9vouement.<\/strong><\/p>\n<p>[\/et_pb_text][\/et_pb_column][et_pb_column type=\u00a0\u00bb1_3&Prime; _builder_version=\u00a0\u00bb4.25.1&Prime; _module_preset=\u00a0\u00bbdefault\u00a0\u00bb global_colors_info=\u00a0\u00bb{}\u00a0\u00bb][et_pb_image src=\u00a0\u00bbhttp:\/\/www.lespavagesmonteregiens.com\/soumission\/wp-content\/uploads\/2025\/03\/1680285111_les-pavages-monteregien-asphalte-rive-sud-montreal.webp\u00a0\u00bb title_text=\u00a0\u00bb1680285111_les-pavages-monteregien-asphalte-rive-sud-montreal\u00a0\u00bb _builder_version=\u00a0\u00bb4.25.1&Prime; _module_preset=\u00a0\u00bbdefault\u00a0\u00bb global_colors_info=\u00a0\u00bb{}\u00a0\u00bb][\/et_pb_image][\/et_pb_column][\/et_pb_row][et_pb_row column_structure=\u00a0\u00bb1_3,2_3&Prime; _builder_version=\u00a0\u00bb4.25.1&Prime; _module_preset=\u00a0\u00bbdefault\u00a0\u00bb background_color=\u00a0\u00bb#f2f2f2&Prime; custom_margin=\u00a0\u00bb||||false|false\u00a0\u00bb custom_padding=\u00a0\u00bb30px|30px|30px|30px|true|true\u00a0\u00bb global_colors_info=\u00a0\u00bb{}\u00a0\u00bb][et_pb_column type=\u00a0\u00bb1_3&Prime; _builder_version=\u00a0\u00bb4.25.1&Prime; _module_preset=\u00a0\u00bbdefault\u00a0\u00bb global_colors_info=\u00a0\u00bb{}\u00a0\u00bb][et_pb_image src=\u00a0\u00bbhttp:\/\/www.lespavagesmonteregiens.com\/soumission\/wp-content\/uploads\/2025\/12\/patrick-maccabee-les-pavaeves-monteregiens.png\u00a0\u00bb title_text=\u00a0\u00bbpatrick-maccabee-les-pavaeves-monteregiens\u00a0\u00bb _builder_version=\u00a0\u00bb4.25.1&Prime; _module_preset=\u00a0\u00bbdefault\u00a0\u00bb hover_enabled=\u00a0\u00bb0&Prime; global_colors_info=\u00a0\u00bb{}\u00a0\u00bb sticky_enabled=\u00a0\u00bb0&Prime;][\/et_pb_image][\/et_pb_column][et_pb_column type=\u00a0\u00bb2_3&Prime; _builder_version=\u00a0\u00bb4.25.1&Prime; _module_preset=\u00a0\u00bbdefault\u00a0\u00bb global_colors_info=\u00a0\u00bb{}\u00a0\u00bb][et_pb_text _builder_version=\u00a0\u00bb4.25.1&Prime; _module_preset=\u00a0\u00bbdefault\u00a0\u00bb global_colors_info=\u00a0\u00bb{}\u00a0\u00bb]<\/p>\n<p><strong data-start=\"43\" data-end=\"62\">Patrick McCabee<\/strong> est le fondateur et propri\u00e9taire des Pavages Mont\u00e9r\u00e9giens. Fort de plus de 15 ans d\u2019exp\u00e9rience dans le domaine de l\u2019asphaltage et des travaux ext\u00e9rieurs, il s\u2019est taill\u00e9 une solide r\u00e9putation sur la Rive-Sud de Montr\u00e9al gr\u00e2ce \u00e0 son approche humaine, son souci du d\u00e9tail et son engagement envers la satisfaction client.<\/p>\n<p>Ayant travaill\u00e9 avec plusieurs grandes entreprises avant de lancer la sienne, Patrick met aujourd\u2019hui son expertise au service de projets r\u00e9sidentiels et commerciaux, en alliant professionnalisme, rigueur et passion pour le travail bien fait.<\/p>\n<p>[\/et_pb_text][\/et_pb_column][\/et_pb_row][\/et_pb_section][et_pb_section fb_built=\u00a0\u00bb1&Prime; _builder_version=\u00a0\u00bb4.25.1&Prime; _module_preset=\u00a0\u00bbdefault\u00a0\u00bb global_module=\u00a0\u00bb7243&Prime; global_colors_info=\u00a0\u00bb{}\u00a0\u00bb][et_pb_row _builder_version=\u00a0\u00bb4.25.1&Prime; _module_preset=\u00a0\u00bbdefault\u00a0\u00bb global_colors_info=\u00a0\u00bb{}\u00a0\u00bb][et_pb_column type=\u00a0\u00bb4_4&Prime; _builder_version=\u00a0\u00bb4.25.1&Prime; _module_preset=\u00a0\u00bbdefault\u00a0\u00bb global_colors_info=\u00a0\u00bb{}\u00a0\u00bb][et_pb_cta title=\u00a0\u00bbVous voulez savoir combien cela vous co\u00fbterait pour faire votre asphalte?\u00a0\u00bb button_url=\u00a0\u00bb@ET-DC@eyJkeW5hbWljIjp0cnVlLCJjb250ZW50IjoicG9zdF9saW5rX3VybF9wYWdlIiwic2V0dGluZ3MiOnsicG9zdF9pZCI6IjY5OTEifX0=@\u00a0\u00bb button_text=\u00a0\u00bbEssayez notre calculateur de prix\u00a0\u00bb _builder_version=\u00a0\u00bb4.25.1&Prime; _dynamic_attributes=\u00a0\u00bbbutton_url\u00a0\u00bb _module_preset=\u00a0\u00bbdefault\u00a0\u00bb header_text_color=\u00a0\u00bb#202d3c\u00a0\u00bb background_color=\u00a0\u00bb#faa31a\u00a0\u00bb custom_button=\u00a0\u00bbon\u00a0\u00bb button_text_color=\u00a0\u00bb#FFFFFF\u00a0\u00bb button_bg_color=\u00a0\u00bb#202d3c\u00a0\u00bb button_border_width=\u00a0\u00bb0px\u00a0\u00bb global_colors_info=\u00a0\u00bb{}\u00a0\u00bb][\/et_pb_cta][\/et_pb_column][\/et_pb_row][\/et_pb_section][et_pb_section fb_built=\u00a0\u00bb1&Prime; _builder_version=\u00a0\u00bb4.25.1&Prime; _module_preset=\u00a0\u00bbdefault\u00a0\u00bb background_color=\u00a0\u00bb#031730&Prime; global_module=\u00a0\u00bb7242&Prime; global_colors_info=\u00a0\u00bb{}\u00a0\u00bb][et_pb_row _builder_version=\u00a0\u00bb4.25.1&Prime; _module_preset=\u00a0\u00bbdefault\u00a0\u00bb global_colors_info=\u00a0\u00bb{}\u00a0\u00bb][et_pb_column type=\u00a0\u00bb4_4&Prime; _builder_version=\u00a0\u00bb4.25.1&Prime; _module_preset=\u00a0\u00bbdefault\u00a0\u00bb global_colors_info=\u00a0\u00bb{}\u00a0\u00bb][et_pb_text _builder_version=\u00a0\u00bb4.25.1&Prime; _module_preset=\u00a0\u00bbdefault\u00a0\u00bb text_orientation=\u00a0\u00bbcenter\u00a0\u00bb background_layout=\u00a0\u00bbdark\u00a0\u00bb global_colors_info=\u00a0\u00bb{}\u00a0\u00bb]<\/p>\n<h2>Travaux de pavage, b\u00e9ton et excavation<\/h2>\n<p>Les Pavages Mont\u00e9r\u00e9giens est avant tout une entreprise locale situ\u00e9e sur la rive-sud de Montr\u00e9al.<\/p>\n<p>Vous avez des questions ? Appelez-nous !<br \/>514-757-9722<\/p>\n<p>[\/et_pb_text][\/et_pb_column][\/et_pb_row][et_pb_row column_structure=\u00a0\u00bb1_3,1_3,1_3&Prime; _builder_version=\u00a0\u00bb4.25.1&Prime; _module_preset=\u00a0\u00bbdefault\u00a0\u00bb global_colors_info=\u00a0\u00bb{}\u00a0\u00bb][et_pb_column type=\u00a0\u00bb1_3&Prime; _builder_version=\u00a0\u00bb4.25.1&Prime; _module_preset=\u00a0\u00bbdefault\u00a0\u00bb background_color=\u00a0\u00bb#FFFFFF\u00a0\u00bb custom_padding=\u00a0\u00bb5px|20px|20px|20px|false|true\u00a0\u00bb border_radii=\u00a0\u00bbon|4px|4px|4px|4px\u00a0\u00bb global_colors_info=\u00a0\u00bb{}\u00a0\u00bb][et_pb_blurb title=\u00a0\u00bbAsphalte\u00a0\u00bb image=\u00a0\u00bbhttp:\/\/www.lespavagesmonteregiens.com\/soumission\/wp-content\/uploads\/2025\/03\/1680289310_3.webp\u00a0\u00bb _builder_version=\u00a0\u00bb4.25.1&Prime; _module_preset=\u00a0\u00bbdefault\u00a0\u00bb background_color=\u00a0\u00bbRGBA(255,255,255,0)\u00a0\u00bb global_colors_info=\u00a0\u00bb{}\u00a0\u00bb]<\/p>\n<p><span>Nous r\u00e9alisons des travaux d&rsquo;asphaltage de qualit\u00e9 pour vos all\u00e9es, stationnements et routes, en utilisant des mat\u00e9riaux de premier choix et des techniques \u00e9prouv\u00e9es.<\/span><\/p>\n<p>[\/et_pb_blurb][et_pb_button button_url=\u00a0\u00bb@ET-DC@eyJkeW5hbWljIjp0cnVlLCJjb250ZW50IjoicG9zdF9saW5rX3VybF9wYWdlIiwic2V0dGluZ3MiOnsicG9zdF9pZCI6IjcyMTcifX0=@\u00a0\u00bb button_text=\u00a0\u00bbEn savoir plus\u00a0\u00bb button_alignment=\u00a0\u00bbcenter\u00a0\u00bb _builder_version=\u00a0\u00bb4.25.1&Prime; _dynamic_attributes=\u00a0\u00bbbutton_url\u00a0\u00bb _module_preset=\u00a0\u00bbdefault\u00a0\u00bb custom_button=\u00a0\u00bbon\u00a0\u00bb button_text_color=\u00a0\u00bb#000000&Prime; button_bg_color=\u00a0\u00bb#faa31a\u00a0\u00bb global_colors_info=\u00a0\u00bb{}\u00a0\u00bb][\/et_pb_button][\/et_pb_column][et_pb_column type=\u00a0\u00bb1_3&Prime; _builder_version=\u00a0\u00bb4.25.1&Prime; _module_preset=\u00a0\u00bbdefault\u00a0\u00bb background_color=\u00a0\u00bb#FFFFFF\u00a0\u00bb custom_padding=\u00a0\u00bb5px|20px|20px|20px|false|true\u00a0\u00bb border_radii=\u00a0\u00bbon|4px|4px|4px|4px\u00a0\u00bb global_colors_info=\u00a0\u00bb{}\u00a0\u00bb][et_pb_blurb title=\u00a0\u00bbExcavation\u00a0\u00bb image=\u00a0\u00bbhttp:\/\/www.lespavagesmonteregiens.com\/soumission\/wp-content\/uploads\/2025\/03\/1680289350_1.webp\u00a0\u00bb _builder_version=\u00a0\u00bb4.25.1&Prime; _module_preset=\u00a0\u00bbdefault\u00a0\u00bb background_color=\u00a0\u00bbRGBA(255,255,255,0)\u00a0\u00bb global_colors_info=\u00a0\u00bb{}\u00a0\u00bb]<\/p>\n<p><span>Notre \u00e9quipe d&rsquo;experts en excavation met \u00e0 votre disposition son savoir-faire pour l&rsquo;excavation de la fondation granulaire de\u00a0 votre stationnement actuel ou futur. Pour des travaux r\u00e9sidentiels ou commercials de toutes sortes, nous avons la machinerie n\u00e9cessaire pour tous les genres de travaux.<\/span><\/p>\n<p>[\/et_pb_blurb][et_pb_button button_url=\u00a0\u00bb@ET-DC@eyJkeW5hbWljIjp0cnVlLCJjb250ZW50IjoicG9zdF9saW5rX3VybF9wYWdlIiwic2V0dGluZ3MiOnsicG9zdF9pZCI6IjcyMzgifX0=@\u00a0\u00bb button_text=\u00a0\u00bbEn savoir plus\u00a0\u00bb button_alignment=\u00a0\u00bbcenter\u00a0\u00bb _builder_version=\u00a0\u00bb4.25.1&Prime; _dynamic_attributes=\u00a0\u00bbbutton_url\u00a0\u00bb _module_preset=\u00a0\u00bbdefault\u00a0\u00bb custom_button=\u00a0\u00bbon\u00a0\u00bb button_text_color=\u00a0\u00bb#000000&Prime; button_bg_color=\u00a0\u00bb#faa31a\u00a0\u00bb global_colors_info=\u00a0\u00bb{}\u00a0\u00bb][\/et_pb_button][\/et_pb_column][et_pb_column type=\u00a0\u00bb1_3&Prime; _builder_version=\u00a0\u00bb4.25.1&Prime; _module_preset=\u00a0\u00bbdefault\u00a0\u00bb background_color=\u00a0\u00bb#FFFFFF\u00a0\u00bb custom_padding=\u00a0\u00bb5px|20px|20px|20px|false|true\u00a0\u00bb border_radii=\u00a0\u00bbon|4px|4px|4px|4px\u00a0\u00bb global_colors_info=\u00a0\u00bb{}\u00a0\u00bb][et_pb_blurb title=\u00a0\u00bbTravaux de B\u00e9ton\u00a0\u00bb image=\u00a0\u00bbhttp:\/\/www.lespavagesmonteregiens.com\/soumission\/wp-content\/uploads\/2025\/03\/1680528215_troitoiredebeton-1.webp\u00a0\u00bb _builder_version=\u00a0\u00bb4.25.1&Prime; _module_preset=\u00a0\u00bbdefault\u00a0\u00bb background_color=\u00a0\u00bbRGBA(255,255,255,0)\u00a0\u00bb global_colors_info=\u00a0\u00bb{}\u00a0\u00bb]<\/p>\n<p><span>Nos sp\u00e9cialistes en b\u00e9ton r\u00e9alisent pour vous des bordures, dalles et trottoirs en b\u00e9ton, alliant esth\u00e9tisme et durabilit\u00e9\u00a0 pour r\u00e9pondre \u00e0 vos besoins en mati\u00e8re de construction en b\u00e9ton.<\/span><\/p>\n<p>[\/et_pb_blurb][et_pb_button button_url=\u00a0\u00bb@ET-DC@eyJkeW5hbWljIjp0cnVlLCJjb250ZW50IjoicG9zdF9saW5rX3VybF9wYWdlIiwic2V0dGluZ3MiOnsicG9zdF9pZCI6IjcyMjUifX0=@\u00a0\u00bb button_text=\u00a0\u00bbEn savoir plus\u00a0\u00bb button_alignment=\u00a0\u00bbcenter\u00a0\u00bb _builder_version=\u00a0\u00bb4.25.1&Prime; _dynamic_attributes=\u00a0\u00bbbutton_url\u00a0\u00bb _module_preset=\u00a0\u00bbdefault\u00a0\u00bb custom_button=\u00a0\u00bbon\u00a0\u00bb button_text_color=\u00a0\u00bb#000000&Prime; button_bg_color=\u00a0\u00bb#faa31a\u00a0\u00bb global_colors_info=\u00a0\u00bb{}\u00a0\u00bb][\/et_pb_button][\/et_pb_column][\/et_pb_row][\/et_pb_section]<\/p>\n","protected":false},"excerpt":{"rendered":"<p>Votre expert en pavage et asphaltage sur la Rive-Sud depuis plus de 15 ans Depuis plus de 15 ans, Les Pavages Mont\u00e9r\u00e9giens, une entreprise locale bas\u00e9e \u00e0 Mercier, est fi\u00e8re de servir la rive-sud de Montr\u00e9al. Sous la direction de M. Patrick McCabee, un expert chevronn\u00e9 ayant collabor\u00e9 avec des compagnies d&rsquo;asphalte renomm\u00e9es dans la [&hellip;]<\/p>\n","protected":false},"author":1,"featured_media":0,"parent":0,"menu_order":0,"comment_status":"closed","ping_status":"closed","template":"","meta":{"_et_pb_use_builder":"on","_et_pb_old_content":"","_et_gb_content_width":"","footnotes":""},"class_list":["post-7272","page","type-page","status-publish","hentry"],"_links":{"self":[{"href":"http:\/\/www.lespavagesmonteregiens.com\/soumission\/wp-json\/wp\/v2\/pages\/7272","targetHints":{"allow":["GET"]}}],"collection":[{"href":"http:\/\/www.lespavagesmonteregiens.com\/soumission\/wp-json\/wp\/v2\/pages"}],"about":[{"href":"http:\/\/www.lespavagesmonteregiens.com\/soumission\/wp-json\/wp\/v2\/types\/page"}],"author":[{"embeddable":true,"href":"http:\/\/www.lespavagesmonteregiens.com\/soumission\/wp-json\/wp\/v2\/users\/1"}],"replies":[{"embeddable":true,"href":"http:\/\/www.lespavagesmonteregiens.com\/soumission\/wp-json\/wp\/v2\/comments?post=7272"}],"version-history":[{"count":5,"href":"http:\/\/www.lespavagesmonteregiens.com\/soumission\/wp-json\/wp\/v2\/pages\/7272\/revisions"}],"predecessor-version":[{"id":7312,"href":"http:\/\/www.lespavagesmonteregiens.com\/soumission\/wp-json\/wp\/v2\/pages\/7272\/revisions\/7312"}],"wp:attachment":[{"href":"http:\/\/www.lespavagesmonteregiens.com\/soumission\/wp-json\/wp\/v2\/media?parent=7272"}],"curies":[{"name":"wp","href":"https:\/\/api.w.org\/{rel}","templated":true}]}}