{"id":7238,"date":"2025-03-30T15:49:12","date_gmt":"2025-03-30T15:49:12","guid":{"rendered":"https:\/\/www.lespavagesmonteregiens.com\/soumission\/?page_id=7238"},"modified":"2025-03-30T15:49:12","modified_gmt":"2025-03-30T15:49:12","slug":"excavation-2","status":"publish","type":"page","link":"http:\/\/www.lespavagesmonteregiens.com\/soumission\/excavation-2\/","title":{"rendered":"Excavation"},"content":{"rendered":"<p>[et_pb_section fb_built=\u00a0\u00bb1&Prime; _builder_version=\u00a0\u00bb4.25.1&Prime; _module_preset=\u00a0\u00bbdefault\u00a0\u00bb custom_padding=\u00a0\u00bb||22px|||\u00a0\u00bb global_colors_info=\u00a0\u00bb{}\u00a0\u00bb theme_builder_area=\u00a0\u00bbpost_content\u00a0\u00bb][et_pb_row column_structure=\u00a0\u00bb3_5,2_5&Prime; _builder_version=\u00a0\u00bb4.25.1&Prime; _module_preset=\u00a0\u00bbdefault\u00a0\u00bb global_colors_info=\u00a0\u00bb{}\u00a0\u00bb theme_builder_area=\u00a0\u00bbpost_content\u00a0\u00bb][et_pb_column type=\u00a0\u00bb3_5&Prime; _builder_version=\u00a0\u00bb4.25.1&Prime; _module_preset=\u00a0\u00bbdefault\u00a0\u00bb global_colors_info=\u00a0\u00bb{}\u00a0\u00bb theme_builder_area=\u00a0\u00bbpost_content\u00a0\u00bb][et_pb_text _builder_version=\u00a0\u00bb4.25.1&Prime; _module_preset=\u00a0\u00bbdefault\u00a0\u00bb hover_enabled=\u00a0\u00bb0&Prime; global_colors_info=\u00a0\u00bb{}\u00a0\u00bb theme_builder_area=\u00a0\u00bbpost_content\u00a0\u00bb sticky_enabled=\u00a0\u00bb0&Prime;]<\/p>\n<h1>Services d&rsquo;excavation<\/h1>\n<h2>L&rsquo;expertise dont vous avez besoin pour vos projets d&rsquo;excavation sur la rive-sud de Montr\u00e9al.<\/h2>\n<p>Les Pavages Mont\u00e9r\u00e9giens est votre partenaire de choix pour tous vos projets d&rsquo;excavation r\u00e9sidentiels et commerciaux sur la rive-sud de Montr\u00e9al.<\/p>\n<p>Notre \u00e9quipe d&rsquo;experts met \u00e0 votre disposition son savoir-faire et son exp\u00e9rience pour r\u00e9aliser vos travaux d&rsquo;excavation avec professionnalisme, efficacit\u00e9 et respect des normes en vigueur.<\/p>\n<p>[\/et_pb_text][\/et_pb_column][et_pb_column type=\u00a0\u00bb2_5&Prime; _builder_version=\u00a0\u00bb4.25.1&Prime; _module_preset=\u00a0\u00bbdefault\u00a0\u00bb global_colors_info=\u00a0\u00bb{}\u00a0\u00bb theme_builder_area=\u00a0\u00bbpost_content\u00a0\u00bb][et_pb_image src=\u00a0\u00bbhttp:\/\/www.lespavagesmonteregiens.com\/soumission\/wp-content\/uploads\/2025\/03\/1680289350_1.webp\u00a0\u00bb title_text=\u00a0\u00bb1680289350_1&Prime; _builder_version=\u00a0\u00bb4.25.1&Prime; _module_preset=\u00a0\u00bbdefault\u00a0\u00bb hover_enabled=\u00a0\u00bb0&Prime; global_colors_info=\u00a0\u00bb{}\u00a0\u00bb theme_builder_area=\u00a0\u00bbpost_content\u00a0\u00bb sticky_enabled=\u00a0\u00bb0&Prime;][\/et_pb_image][\/et_pb_column][\/et_pb_row][\/et_pb_section][et_pb_section fb_built=\u00a0\u00bb1&Prime; _builder_version=\u00a0\u00bb4.25.1&Prime; _module_preset=\u00a0\u00bbdefault\u00a0\u00bb custom_padding=\u00a0\u00bb29px|||||\u00a0\u00bb global_colors_info=\u00a0\u00bb{}\u00a0\u00bb theme_builder_area=\u00a0\u00bbpost_content\u00a0\u00bb global_module=\u00a0\u00bb7241&Prime; saved_tabs=\u00a0\u00bball\u00a0\u00bb][et_pb_row _builder_version=\u00a0\u00bb4.25.1&Prime; _module_preset=\u00a0\u00bbdefault\u00a0\u00bb global_colors_info=\u00a0\u00bb{}\u00a0\u00bb theme_builder_area=\u00a0\u00bbpost_content\u00a0\u00bb][et_pb_column type=\u00a0\u00bb4_4&Prime; _builder_version=\u00a0\u00bb4.25.1&Prime; _module_preset=\u00a0\u00bbdefault\u00a0\u00bb global_colors_info=\u00a0\u00bb{}\u00a0\u00bb theme_builder_area=\u00a0\u00bbpost_content\u00a0\u00bb][et_pb_cta title=\u00a0\u00bbTravaux de pavage, asphaltage, b\u00e9ton et d&rsquo;excavation\u00a0\u00bb button_url=\u00a0\u00bb@ET-DC@eyJkeW5hbWljIjp0cnVlLCJjb250ZW50IjoicG9zdF9saW5rX3VybF9wYWdlIiwic2V0dGluZ3MiOnsicG9zdF9pZCI6IjY5OTEifX0=@\u00a0\u00bb button_text=\u00a0\u00bbContactez-nous\u00a0\u00bb _builder_version=\u00a0\u00bb4.25.1&Prime; _dynamic_attributes=\u00a0\u00bbbutton_url\u00a0\u00bb _module_preset=\u00a0\u00bbdefault\u00a0\u00bb header_text_color=\u00a0\u00bb#202d3c\u00a0\u00bb background_color=\u00a0\u00bb#faa31a\u00a0\u00bb custom_button=\u00a0\u00bbon\u00a0\u00bb button_text_color=\u00a0\u00bb#FFFFFF\u00a0\u00bb button_bg_color=\u00a0\u00bb#202d3c\u00a0\u00bb button_border_width=\u00a0\u00bb0px\u00a0\u00bb hover_enabled=\u00a0\u00bb0&Prime; global_colors_info=\u00a0\u00bb{}\u00a0\u00bb theme_builder_area=\u00a0\u00bbpost_content\u00a0\u00bb background_layout=\u00a0\u00bblight\u00a0\u00bb sticky_enabled=\u00a0\u00bb0&Prime;]<\/p>\n<p>Les Pavages Mont\u00e9r\u00e9giens est avant tout une entreprise locale situ\u00e9e sur la rive-sud de Montr\u00e9al.<br \/>Vous avez des questions ?Appelez-nous !<br \/>514-757-9722<\/p>\n<p>[\/et_pb_cta][\/et_pb_column][\/et_pb_row][\/et_pb_section][et_pb_section fb_built=\u00a0\u00bb1&Prime; _builder_version=\u00a0\u00bb4.25.1&Prime; _module_preset=\u00a0\u00bbdefault\u00a0\u00bb global_colors_info=\u00a0\u00bb{}\u00a0\u00bb theme_builder_area=\u00a0\u00bbpost_content\u00a0\u00bb][et_pb_row column_structure=\u00a0\u00bb1_2,1_2&Prime; _builder_version=\u00a0\u00bb4.25.1&Prime; _module_preset=\u00a0\u00bbdefault\u00a0\u00bb global_colors_info=\u00a0\u00bb{}\u00a0\u00bb theme_builder_area=\u00a0\u00bbpost_content\u00a0\u00bb][et_pb_column type=\u00a0\u00bb1_2&Prime; _builder_version=\u00a0\u00bb4.25.1&Prime; _module_preset=\u00a0\u00bbdefault\u00a0\u00bb global_colors_info=\u00a0\u00bb{}\u00a0\u00bb theme_builder_area=\u00a0\u00bbpost_content\u00a0\u00bb][et_pb_text _builder_version=\u00a0\u00bb4.25.1&Prime; _module_preset=\u00a0\u00bbdefault\u00a0\u00bb hover_enabled=\u00a0\u00bb0&Prime; global_colors_info=\u00a0\u00bb{}\u00a0\u00bb theme_builder_area=\u00a0\u00bbpost_content\u00a0\u00bb sticky_enabled=\u00a0\u00bb0&Prime;]<\/p>\n<h2>Excavation pour tous vos projets<\/h2>\n<p>Nous offrons une gamme compl\u00e8te de services d&rsquo;excavation pour r\u00e9pondre \u00e0 vos besoins, que ce soit pour la pr\u00e9paration de terrains avant la construction, l&rsquo;installation de syst\u00e8mes de drainage, la r\u00e9alisation de tranch\u00e9es ou encore la d\u00e9molition de structures existantes.<\/p>\n<p><em>Nos \u00e9quipements modernes et performants nous permettent de r\u00e9aliser vos projets dans les meilleures conditions et avec un souci constant de qualit\u00e9.<\/em><\/p>\n<p>[\/et_pb_text][\/et_pb_column][et_pb_column type=\u00a0\u00bb1_2&Prime; _builder_version=\u00a0\u00bb4.25.1&Prime; _module_preset=\u00a0\u00bbdefault\u00a0\u00bb global_colors_info=\u00a0\u00bb{}\u00a0\u00bb theme_builder_area=\u00a0\u00bbpost_content\u00a0\u00bb][et_pb_image src=\u00a0\u00bbhttp:\/\/www.lespavagesmonteregiens.com\/soumission\/wp-content\/uploads\/2025\/03\/1680292445_13.webp\u00a0\u00bb title_text=\u00a0\u00bb1680292445_13&Prime; _builder_version=\u00a0\u00bb4.25.1&Prime; _module_preset=\u00a0\u00bbdefault\u00a0\u00bb hover_enabled=\u00a0\u00bb0&Prime; global_colors_info=\u00a0\u00bb{}\u00a0\u00bb theme_builder_area=\u00a0\u00bbpost_content\u00a0\u00bb sticky_enabled=\u00a0\u00bb0&Prime;][\/et_pb_image][\/et_pb_column][\/et_pb_row][et_pb_row column_structure=\u00a0\u00bb1_2,1_2&Prime; _builder_version=\u00a0\u00bb4.25.1&Prime; _module_preset=\u00a0\u00bbdefault\u00a0\u00bb global_colors_info=\u00a0\u00bb{}\u00a0\u00bb theme_builder_area=\u00a0\u00bbpost_content\u00a0\u00bb][et_pb_column type=\u00a0\u00bb1_2&Prime; _builder_version=\u00a0\u00bb4.25.1&Prime; _module_preset=\u00a0\u00bbdefault\u00a0\u00bb global_colors_info=\u00a0\u00bb{}\u00a0\u00bb theme_builder_area=\u00a0\u00bbpost_content\u00a0\u00bb][et_pb_image src=\u00a0\u00bbhttp:\/\/www.lespavagesmonteregiens.com\/soumission\/wp-content\/uploads\/2025\/03\/1680292486_23.webp\u00a0\u00bb title_text=\u00a0\u00bb1680292486_23&Prime; _builder_version=\u00a0\u00bb4.25.1&Prime; _module_preset=\u00a0\u00bbdefault\u00a0\u00bb hover_enabled=\u00a0\u00bb0&Prime; global_colors_info=\u00a0\u00bb{}\u00a0\u00bb theme_builder_area=\u00a0\u00bbpost_content\u00a0\u00bb sticky_enabled=\u00a0\u00bb0&Prime;][\/et_pb_image][\/et_pb_column][et_pb_column type=\u00a0\u00bb1_2&Prime; _builder_version=\u00a0\u00bb4.25.1&Prime; _module_preset=\u00a0\u00bbdefault\u00a0\u00bb global_colors_info=\u00a0\u00bb{}\u00a0\u00bb theme_builder_area=\u00a0\u00bbpost_content\u00a0\u00bb][et_pb_text _builder_version=\u00a0\u00bb4.25.1&Prime; _module_preset=\u00a0\u00bbdefault\u00a0\u00bb hover_enabled=\u00a0\u00bb0&Prime; global_colors_info=\u00a0\u00bb{}\u00a0\u00bb theme_builder_area=\u00a0\u00bbpost_content\u00a0\u00bb sticky_enabled=\u00a0\u00bb0&Prime;]<\/p>\n<h3>S\u00e9curit\u00e9 et respect de l&rsquo;environnement<\/h3>\n<p>La s\u00e9curit\u00e9 de nos employ\u00e9s et la pr\u00e9servation de l&rsquo;environnement sont au c\u0153ur de nos pr\u00e9occupations. Nous veillons \u00e0 respecter les normes de s\u00e9curit\u00e9 les plus strictes et \u00e0 mettre en place des mesures pour limiter notre impact \u00e9cologique.<\/p>\n<p>Nos m\u00e9thodes d&rsquo;excavation respectent les meilleures pratiques de l&rsquo;industrie pour garantir un r\u00e9sultat durable et conforme aux r\u00e9glementations en vigueur.<\/p>\n<p>[\/et_pb_text][\/et_pb_column][\/et_pb_row][et_pb_row column_structure=\u00a0\u00bb2_5,3_5&Prime; _builder_version=\u00a0\u00bb4.25.1&Prime; _module_preset=\u00a0\u00bbdefault\u00a0\u00bb global_colors_info=\u00a0\u00bb{}\u00a0\u00bb theme_builder_area=\u00a0\u00bbpost_content\u00a0\u00bb][et_pb_column type=\u00a0\u00bb2_5&Prime; _builder_version=\u00a0\u00bb4.25.1&Prime; _module_preset=\u00a0\u00bbdefault\u00a0\u00bb global_colors_info=\u00a0\u00bb{}\u00a0\u00bb theme_builder_area=\u00a0\u00bbpost_content\u00a0\u00bb][et_pb_text _builder_version=\u00a0\u00bb4.25.1&Prime; _module_preset=\u00a0\u00bbdefault\u00a0\u00bb background_color=\u00a0\u00bb#faa31a\u00a0\u00bb custom_padding=\u00a0\u00bb20px|20px|20px|20px|true|true\u00a0\u00bb border_radii=\u00a0\u00bbon|6px|6px|6px|6px\u00a0\u00bb box_shadow_style=\u00a0\u00bbpreset3&Prime; global_colors_info=\u00a0\u00bb{}\u00a0\u00bb theme_builder_area=\u00a0\u00bbpost_content\u00a0\u00bb]<\/p>\n<div class=\"gp-text-container gp-component gp-component-id-pdQ0YiJSw\" data-gp-style=\"true\" data-gp-text=\"true\" data-gp-dnd=\"true\" data-gp-component-id=\"pdQ0YiJSw\" data-gp-component=\"null\" tabindex=\"0\">\n<h2 class=\"gp-component-id-z06KdyjwZQ\" data-id=\"quill-node-0\">Un processus rigoureux<\/h2>\n<\/div>\n<div class=\"gp-text-container gp-component gp-component-id-34ymyh0aV\" data-gp-style=\"\" data-gp-text=\"\" data-gp-dnd=\"\" data-gp-component-id=\"34ymyh0aV\" data-gp-component=\"null\" tabindex=\"0\">\n<p class=\"gp-component-id-NoF6Gqhtcq\" data-id=\"quill-node-0\">Notre processus d&rsquo;asphaltage suit les meilleures pratiques de l&rsquo;industrie pour assurer la durabilit\u00e9 et la qualit\u00e9 de nos r\u00e9alisations.<\/p>\n<p class=\"gp-component-id-NoF6Gqhtcq\" data-id=\"quill-node-1\"><strong>De l&rsquo;excavation \u00e0 la pose de l&rsquo;asphalte en passant par la pr\u00e9paration du terrain, chaque \u00e9tape est r\u00e9alis\u00e9e avec soin et pr\u00e9cision.<\/strong><\/p>\n<\/div>\n<p>[\/et_pb_text][\/et_pb_column][et_pb_column type=\u00a0\u00bb3_5&Prime; _builder_version=\u00a0\u00bb4.25.1&Prime; _module_preset=\u00a0\u00bbdefault\u00a0\u00bb global_colors_info=\u00a0\u00bb{}\u00a0\u00bb theme_builder_area=\u00a0\u00bbpost_content\u00a0\u00bb][et_pb_text _builder_version=\u00a0\u00bb4.25.1&Prime; _module_preset=\u00a0\u00bbdefault\u00a0\u00bb global_colors_info=\u00a0\u00bb{}\u00a0\u00bb theme_builder_area=\u00a0\u00bbpost_content\u00a0\u00bb]<\/p>\n<div class=\"gp-text-container gp-component gp-component-id-hL86u5qza\" data-gp-style=\"true\" data-gp-text=\"true\" data-gp-dnd=\"true\" data-gp-component-id=\"hL86u5qza\" data-gp-component=\"null\" tabindex=\"0\">\n<h2 class=\"gp-component-id-h_ioGJA8x0\" data-id=\"quill-node-0\">Pourquoi choisir Les Pavages Mont\u00e9r\u00e9giens?<\/h2>\n<p><em>En faisant confiance \u00e0 Les Pavages Mont\u00e9r\u00e9giens pour vos projets d&rsquo;asphaltage, vous b\u00e9n\u00e9ficiez de :<\/em><\/p>\n<ul>\n<li>Plus de 15 ans d&rsquo;exp\u00e9rience dans le domaine du b\u00e9ton<\/li>\n<li>Un service personnalis\u00e9 et \u00e0 l&rsquo;\u00e9coute de vos besoins<\/li>\n<li>Une expertise reconnue en mati\u00e8re de pavage r\u00e9sidentiel et commercial<\/li>\n<li>Des mat\u00e9riaux de qualit\u00e9 sup\u00e9rieure et des techniques \u00e9prouv\u00e9es<\/li>\n<li>Un accompagnement et des conseils \u00e0 chaque \u00e9tape de votre projet<\/li>\n<\/ul>\n<\/div>\n<p>[\/et_pb_text][\/et_pb_column][\/et_pb_row][et_pb_row _builder_version=\u00a0\u00bb4.25.1&Prime; _module_preset=\u00a0\u00bbdefault\u00a0\u00bb global_colors_info=\u00a0\u00bb{}\u00a0\u00bb theme_builder_area=\u00a0\u00bbpost_content\u00a0\u00bb][et_pb_column type=\u00a0\u00bb4_4&Prime; _builder_version=\u00a0\u00bb4.25.1&Prime; _module_preset=\u00a0\u00bbdefault\u00a0\u00bb global_colors_info=\u00a0\u00bb{}\u00a0\u00bb theme_builder_area=\u00a0\u00bbpost_content\u00a0\u00bb][et_pb_text _builder_version=\u00a0\u00bb4.25.1&Prime; _module_preset=\u00a0\u00bbdefault\u00a0\u00bb global_colors_info=\u00a0\u00bb{}\u00a0\u00bb theme_builder_area=\u00a0\u00bbpost_content\u00a0\u00bb]<\/p>\n<div class=\"gp-text-container gp-component gp-component-id-VJHr_37WL4\" data-gp-style=\"\" data-gp-text=\"\" data-gp-dnd=\"\" data-gp-component-id=\"VJHr_37WL4\" data-gp-component=\"null\" tabindex=\"0\">\n<h2 class=\"gp-component-id-lJXQT_Dxc\" data-id=\"quill-node-0\" style=\"text-align: center;\">Travaux de pavage, asphaltage, b\u00e9ton et d&rsquo;excavation<\/h2>\n<\/div>\n<div class=\"gp-text-container gp-component gp-component-id-K9uPLhmre\" data-gp-style=\"\" data-gp-text=\"\" data-gp-dnd=\"\" data-gp-component-id=\"K9uPLhmre\" data-gp-component=\"null\" tabindex=\"0\">\n<p class=\"gp-component-id-lknBfkeBNM\" data-id=\"quill-node-0\" style=\"text-align: center;\">Les Pavages Mont\u00e9r\u00e9giens est avant tout une entreprise locale situ\u00e9e sur la rive-sud de Montr\u00e9al.<\/p>\n<\/div>\n<p>[\/et_pb_text][et_pb_text _builder_version=\u00a0\u00bb4.25.1&Prime; _module_preset=\u00a0\u00bbdefault\u00a0\u00bb global_colors_info=\u00a0\u00bb{}\u00a0\u00bb theme_builder_area=\u00a0\u00bbpost_content\u00a0\u00bb]<\/p>\n<p style=\"text-align: center;\"><strong>Vous avez des questions ? Appelez-nous !<br \/>514-757-9722<\/strong><\/p>\n<p>[\/et_pb_text][\/et_pb_column][\/et_pb_row][\/et_pb_section][et_pb_section fb_built=\u00a0\u00bb1&Prime; _builder_version=\u00a0\u00bb4.25.1&Prime; _module_preset=\u00a0\u00bbdefault\u00a0\u00bb background_color=\u00a0\u00bb#031730&Prime; global_colors_info=\u00a0\u00bb{}\u00a0\u00bb theme_builder_area=\u00a0\u00bbpost_content\u00a0\u00bb global_module=\u00a0\u00bb7242&Prime; saved_tabs=\u00a0\u00bball\u00a0\u00bb][et_pb_row _builder_version=\u00a0\u00bb4.25.1&Prime; _module_preset=\u00a0\u00bbdefault\u00a0\u00bb global_colors_info=\u00a0\u00bb{}\u00a0\u00bb theme_builder_area=\u00a0\u00bbpost_content\u00a0\u00bb][et_pb_column type=\u00a0\u00bb4_4&Prime; _builder_version=\u00a0\u00bb4.25.1&Prime; _module_preset=\u00a0\u00bbdefault\u00a0\u00bb global_colors_info=\u00a0\u00bb{}\u00a0\u00bb theme_builder_area=\u00a0\u00bbpost_content\u00a0\u00bb][et_pb_text _builder_version=\u00a0\u00bb4.25.1&Prime; _module_preset=\u00a0\u00bbdefault\u00a0\u00bb text_orientation=\u00a0\u00bbcenter\u00a0\u00bb background_layout=\u00a0\u00bbdark\u00a0\u00bb global_colors_info=\u00a0\u00bb{}\u00a0\u00bb theme_builder_area=\u00a0\u00bbpost_content\u00a0\u00bb]<\/p>\n<h2>Travaux de pavage, b\u00e9ton et excavation<\/h2>\n<p>Les Pavages Mont\u00e9r\u00e9giens est avant tout une entreprise locale situ\u00e9e sur la rive-sud de Montr\u00e9al.<\/p>\n<p>Vous avez des questions ? Appelez-nous !<br \/>514-757-9722<\/p>\n<p>[\/et_pb_text][\/et_pb_column][\/et_pb_row][et_pb_row column_structure=\u00a0\u00bb1_3,1_3,1_3&Prime; _builder_version=\u00a0\u00bb4.25.1&Prime; _module_preset=\u00a0\u00bbdefault\u00a0\u00bb global_colors_info=\u00a0\u00bb{}\u00a0\u00bb theme_builder_area=\u00a0\u00bbpost_content\u00a0\u00bb][et_pb_column type=\u00a0\u00bb1_3&Prime; _builder_version=\u00a0\u00bb4.25.1&Prime; _module_preset=\u00a0\u00bbdefault\u00a0\u00bb background_color=\u00a0\u00bb#FFFFFF\u00a0\u00bb custom_padding=\u00a0\u00bb5px|20px|20px|20px|false|true\u00a0\u00bb border_radii=\u00a0\u00bbon|4px|4px|4px|4px\u00a0\u00bb global_colors_info=\u00a0\u00bb{}\u00a0\u00bb theme_builder_area=\u00a0\u00bbpost_content\u00a0\u00bb][et_pb_blurb title=\u00a0\u00bbAsphalte\u00a0\u00bb image=\u00a0\u00bbhttp:\/\/www.lespavagesmonteregiens.com\/soumission\/wp-content\/uploads\/2025\/03\/1680289310_3.webp\u00a0\u00bb _builder_version=\u00a0\u00bb4.25.1&Prime; _module_preset=\u00a0\u00bbdefault\u00a0\u00bb background_color=\u00a0\u00bbRGBA(255,255,255,0)\u00a0\u00bb global_colors_info=\u00a0\u00bb{}\u00a0\u00bb theme_builder_area=\u00a0\u00bbpost_content\u00a0\u00bb]<\/p>\n<p><span>Nous r\u00e9alisons des travaux d&rsquo;asphaltage de qualit\u00e9 pour vos all\u00e9es, stationnements et routes, en utilisant des mat\u00e9riaux de premier choix et des techniques \u00e9prouv\u00e9es.<\/span><\/p>\n<p>[\/et_pb_blurb][et_pb_button button_url=\u00a0\u00bb@ET-DC@eyJkeW5hbWljIjp0cnVlLCJjb250ZW50IjoicG9zdF9saW5rX3VybF9wYWdlIiwic2V0dGluZ3MiOnsicG9zdF9pZCI6IjcyMTcifX0=@\u00a0\u00bb button_text=\u00a0\u00bbEn savoir plus\u00a0\u00bb button_alignment=\u00a0\u00bbcenter\u00a0\u00bb _builder_version=\u00a0\u00bb4.25.1&Prime; _dynamic_attributes=\u00a0\u00bbbutton_url\u00a0\u00bb _module_preset=\u00a0\u00bbdefault\u00a0\u00bb custom_button=\u00a0\u00bbon\u00a0\u00bb button_text_color=\u00a0\u00bb#000000&Prime; button_bg_color=\u00a0\u00bb#faa31a\u00a0\u00bb global_colors_info=\u00a0\u00bb{}\u00a0\u00bb theme_builder_area=\u00a0\u00bbpost_content\u00a0\u00bb][\/et_pb_button][\/et_pb_column][et_pb_column type=\u00a0\u00bb1_3&Prime; _builder_version=\u00a0\u00bb4.25.1&Prime; _module_preset=\u00a0\u00bbdefault\u00a0\u00bb background_color=\u00a0\u00bb#FFFFFF\u00a0\u00bb custom_padding=\u00a0\u00bb5px|20px|20px|20px|false|true\u00a0\u00bb border_radii=\u00a0\u00bbon|4px|4px|4px|4px\u00a0\u00bb global_colors_info=\u00a0\u00bb{}\u00a0\u00bb theme_builder_area=\u00a0\u00bbpost_content\u00a0\u00bb][et_pb_blurb title=\u00a0\u00bbExcavation\u00a0\u00bb image=\u00a0\u00bbhttp:\/\/www.lespavagesmonteregiens.com\/soumission\/wp-content\/uploads\/2025\/03\/1680289350_1.webp\u00a0\u00bb _builder_version=\u00a0\u00bb4.25.1&Prime; _module_preset=\u00a0\u00bbdefault\u00a0\u00bb background_color=\u00a0\u00bbRGBA(255,255,255,0)\u00a0\u00bb global_colors_info=\u00a0\u00bb{}\u00a0\u00bb theme_builder_area=\u00a0\u00bbpost_content\u00a0\u00bb]<\/p>\n<p><span>Notre \u00e9quipe d&rsquo;experts en excavation met \u00e0 votre disposition son savoir-faire pour l&rsquo;excavation de la fondation granulaire de\u00a0 votre stationnement actuel ou futur. Pour des travaux r\u00e9sidentiels ou commercials de toutes sortes, nous avons la machinerie n\u00e9cessaire pour tous les genres de travaux.<\/span><\/p>\n<p>[\/et_pb_blurb][et_pb_button button_text=\u00a0\u00bbEn savoir plus\u00a0\u00bb button_alignment=\u00a0\u00bbcenter\u00a0\u00bb _builder_version=\u00a0\u00bb4.25.1&Prime; _module_preset=\u00a0\u00bbdefault\u00a0\u00bb custom_button=\u00a0\u00bbon\u00a0\u00bb button_text_color=\u00a0\u00bb#000000&Prime; button_bg_color=\u00a0\u00bb#faa31a\u00a0\u00bb global_colors_info=\u00a0\u00bb{}\u00a0\u00bb theme_builder_area=\u00a0\u00bbpost_content\u00a0\u00bb][\/et_pb_button][\/et_pb_column][et_pb_column type=\u00a0\u00bb1_3&Prime; _builder_version=\u00a0\u00bb4.25.1&Prime; _module_preset=\u00a0\u00bbdefault\u00a0\u00bb background_color=\u00a0\u00bb#FFFFFF\u00a0\u00bb custom_padding=\u00a0\u00bb5px|20px|20px|20px|false|true\u00a0\u00bb border_radii=\u00a0\u00bbon|4px|4px|4px|4px\u00a0\u00bb global_colors_info=\u00a0\u00bb{}\u00a0\u00bb theme_builder_area=\u00a0\u00bbpost_content\u00a0\u00bb][et_pb_blurb title=\u00a0\u00bbTravaux de B\u00e9ton\u00a0\u00bb image=\u00a0\u00bbhttp:\/\/www.lespavagesmonteregiens.com\/soumission\/wp-content\/uploads\/2025\/03\/1680289310_3.webp\u00a0\u00bb _builder_version=\u00a0\u00bb4.25.1&Prime; _module_preset=\u00a0\u00bbdefault\u00a0\u00bb background_color=\u00a0\u00bbRGBA(255,255,255,0)\u00a0\u00bb global_colors_info=\u00a0\u00bb{}\u00a0\u00bb theme_builder_area=\u00a0\u00bbpost_content\u00a0\u00bb]<\/p>\n<p><span>Nos sp\u00e9cialistes en b\u00e9ton r\u00e9alisent pour vous des bordures, dalles et trottoirs en b\u00e9ton, alliant esth\u00e9tisme et durabilit\u00e9\u00a0 pour r\u00e9pondre \u00e0 vos besoins en mati\u00e8re de construction en b\u00e9ton.<\/span><\/p>\n<p>[\/et_pb_blurb][et_pb_button button_text=\u00a0\u00bbEn savoir plus\u00a0\u00bb button_alignment=\u00a0\u00bbcenter\u00a0\u00bb _builder_version=\u00a0\u00bb4.25.1&Prime; _module_preset=\u00a0\u00bbdefault\u00a0\u00bb custom_button=\u00a0\u00bbon\u00a0\u00bb button_text_color=\u00a0\u00bb#000000&Prime; button_bg_color=\u00a0\u00bb#faa31a\u00a0\u00bb global_colors_info=\u00a0\u00bb{}\u00a0\u00bb theme_builder_area=\u00a0\u00bbpost_content\u00a0\u00bb][\/et_pb_button][\/et_pb_column][\/et_pb_row][\/et_pb_section][et_pb_section fb_built=\u00a0\u00bb1&Prime; _builder_version=\u00a0\u00bb4.25.1&Prime; _module_preset=\u00a0\u00bbdefault\u00a0\u00bb global_colors_info=\u00a0\u00bb{}\u00a0\u00bb theme_builder_area=\u00a0\u00bbpost_content\u00a0\u00bb global_module=\u00a0\u00bb7243&Prime; saved_tabs=\u00a0\u00bball\u00a0\u00bb][et_pb_row _builder_version=\u00a0\u00bb4.25.1&Prime; _module_preset=\u00a0\u00bbdefault\u00a0\u00bb global_colors_info=\u00a0\u00bb{}\u00a0\u00bb theme_builder_area=\u00a0\u00bbpost_content\u00a0\u00bb][et_pb_column type=\u00a0\u00bb4_4&Prime; _builder_version=\u00a0\u00bb4.25.1&Prime; _module_preset=\u00a0\u00bbdefault\u00a0\u00bb global_colors_info=\u00a0\u00bb{}\u00a0\u00bb theme_builder_area=\u00a0\u00bbpost_content\u00a0\u00bb][et_pb_cta title=\u00a0\u00bbVous voulez savoir combien cela vous co\u00fbterait pour faire votre asphalte?\u00a0\u00bb button_url=\u00a0\u00bb@ET-DC@eyJkeW5hbWljIjp0cnVlLCJjb250ZW50IjoicG9zdF9saW5rX3VybF9wYWdlIiwic2V0dGluZ3MiOnsicG9zdF9pZCI6IjY5OTEifX0=@\u00a0\u00bb button_text=\u00a0\u00bbEssayez nous calculateur de soumission\u00a0\u00bb _builder_version=\u00a0\u00bb4.25.1&Prime; _dynamic_attributes=\u00a0\u00bbbutton_url\u00a0\u00bb _module_preset=\u00a0\u00bbdefault\u00a0\u00bb header_text_color=\u00a0\u00bb#202d3c\u00a0\u00bb background_color=\u00a0\u00bb#faa31a\u00a0\u00bb custom_button=\u00a0\u00bbon\u00a0\u00bb button_text_color=\u00a0\u00bb#FFFFFF\u00a0\u00bb button_bg_color=\u00a0\u00bb#202d3c\u00a0\u00bb button_border_width=\u00a0\u00bb0px\u00a0\u00bb global_colors_info=\u00a0\u00bb{}\u00a0\u00bb theme_builder_area=\u00a0\u00bbpost_content\u00a0\u00bb][\/et_pb_cta][\/et_pb_column][\/et_pb_row][\/et_pb_section]<\/p>\n","protected":false},"excerpt":{"rendered":"<p>Services d&rsquo;excavation L&rsquo;expertise dont vous avez besoin pour vos projets d&rsquo;excavation sur la rive-sud de Montr\u00e9al. Les Pavages Mont\u00e9r\u00e9giens est votre partenaire de choix pour tous vos projets d&rsquo;excavation r\u00e9sidentiels et commerciaux sur la rive-sud de Montr\u00e9al. Notre \u00e9quipe d&rsquo;experts met \u00e0 votre disposition son savoir-faire et son exp\u00e9rience pour r\u00e9aliser vos travaux d&rsquo;excavation avec [&hellip;]<\/p>\n","protected":false},"author":1,"featured_media":0,"parent":0,"menu_order":0,"comment_status":"closed","ping_status":"closed","template":"","meta":{"_et_pb_use_builder":"on","_et_pb_old_content":"","_et_gb_content_width":"","footnotes":""},"class_list":["post-7238","page","type-page","status-publish","hentry"],"_links":{"self":[{"href":"http:\/\/www.lespavagesmonteregiens.com\/soumission\/wp-json\/wp\/v2\/pages\/7238","targetHints":{"allow":["GET"]}}],"collection":[{"href":"http:\/\/www.lespavagesmonteregiens.com\/soumission\/wp-json\/wp\/v2\/pages"}],"about":[{"href":"http:\/\/www.lespavagesmonteregiens.com\/soumission\/wp-json\/wp\/v2\/types\/page"}],"author":[{"embeddable":true,"href":"http:\/\/www.lespavagesmonteregiens.com\/soumission\/wp-json\/wp\/v2\/users\/1"}],"replies":[{"embeddable":true,"href":"http:\/\/www.lespavagesmonteregiens.com\/soumission\/wp-json\/wp\/v2\/comments?post=7238"}],"version-history":[{"count":2,"href":"http:\/\/www.lespavagesmonteregiens.com\/soumission\/wp-json\/wp\/v2\/pages\/7238\/revisions"}],"predecessor-version":[{"id":7246,"href":"http:\/\/www.lespavagesmonteregiens.com\/soumission\/wp-json\/wp\/v2\/pages\/7238\/revisions\/7246"}],"wp:attachment":[{"href":"http:\/\/www.lespavagesmonteregiens.com\/soumission\/wp-json\/wp\/v2\/media?parent=7238"}],"curies":[{"name":"wp","href":"https:\/\/api.w.org\/{rel}","templated":true}]}}