{"id":7217,"date":"2025-03-30T15:07:22","date_gmt":"2025-03-30T15:07:22","guid":{"rendered":"https:\/\/www.lespavagesmonteregiens.com\/soumission\/?page_id=7217"},"modified":"2026-04-07T14:30:30","modified_gmt":"2026-04-07T14:30:30","slug":"asphalte","status":"publish","type":"page","link":"http:\/\/www.lespavagesmonteregiens.com\/soumission\/asphalte\/","title":{"rendered":"Asphalte"},"content":{"rendered":"<p>[et_pb_section fb_built=\u00a0\u00bb1&Prime; _builder_version=\u00a0\u00bb4.25.1&Prime; _module_preset=\u00a0\u00bbdefault\u00a0\u00bb custom_padding=\u00a0\u00bb||22px|||\u00a0\u00bb global_colors_info=\u00a0\u00bb{}\u00a0\u00bb][et_pb_row column_structure=\u00a0\u00bb3_5,2_5&Prime; _builder_version=\u00a0\u00bb4.25.1&Prime; _module_preset=\u00a0\u00bbdefault\u00a0\u00bb global_colors_info=\u00a0\u00bb{}\u00a0\u00bb][et_pb_column type=\u00a0\u00bb3_5&Prime; _builder_version=\u00a0\u00bb4.25.1&Prime; _module_preset=\u00a0\u00bbdefault\u00a0\u00bb global_colors_info=\u00a0\u00bb{}\u00a0\u00bb][et_pb_text _builder_version=\u00a0\u00bb4.25.1&Prime; _module_preset=\u00a0\u00bbdefault\u00a0\u00bb global_colors_info=\u00a0\u00bb{}\u00a0\u00bb]<\/p>\n<h1>Service d&rsquo;asphaltage<\/h1>\n<p>Solutions durables et esth\u00e9tiques pour l&rsquo;asphaltage r\u00e9sidentiel et commercial sur la rive-sud de Montr\u00e9al<\/p>\n<p><strong>Les Pavages Mont\u00e9r\u00e9giens est votre partenaire de choix pour tous vos projets d&rsquo;asphaltage r\u00e9sidentiel et commercial sur la rive-sud de Montr\u00e9al.<\/strong><\/p>\n<p><em>Forts de plus de 20 ans d&rsquo;exp\u00e9rience, nous nous engageons \u00e0 vous offrir des solutions durables et esth\u00e9tiques qui r\u00e9pondent \u00e0 vos besoins sp\u00e9cifiques et s&rsquo;adaptent \u00e0 votre budget.<\/em><\/p>\n<p>[\/et_pb_text][\/et_pb_column][et_pb_column type=\u00a0\u00bb2_5&Prime; _builder_version=\u00a0\u00bb4.25.1&Prime; _module_preset=\u00a0\u00bbdefault\u00a0\u00bb global_colors_info=\u00a0\u00bb{}\u00a0\u00bb][et_pb_image src=\u00a0\u00bbhttp:\/\/www.lespavagesmonteregiens.com\/soumission\/wp-content\/uploads\/2025\/03\/1658350193_asphalte-rive-sud-entree.webp\u00a0\u00bb title_text=\u00a0\u00bb1658350193_asphalte-rive-sud-entree\u00a0\u00bb _builder_version=\u00a0\u00bb4.25.1&Prime; _module_preset=\u00a0\u00bbdefault\u00a0\u00bb global_colors_info=\u00a0\u00bb{}\u00a0\u00bb][\/et_pb_image][\/et_pb_column][\/et_pb_row][\/et_pb_section][et_pb_section fb_built=\u00a0\u00bb1&Prime; _builder_version=\u00a0\u00bb4.25.1&Prime; _module_preset=\u00a0\u00bbdefault\u00a0\u00bb global_module=\u00a0\u00bb7243&Prime; global_colors_info=\u00a0\u00bb{}\u00a0\u00bb][et_pb_row _builder_version=\u00a0\u00bb4.25.1&Prime; _module_preset=\u00a0\u00bbdefault\u00a0\u00bb global_colors_info=\u00a0\u00bb{}\u00a0\u00bb][et_pb_column type=\u00a0\u00bb4_4&Prime; _builder_version=\u00a0\u00bb4.25.1&Prime; _module_preset=\u00a0\u00bbdefault\u00a0\u00bb global_colors_info=\u00a0\u00bb{}\u00a0\u00bb][et_pb_cta title=\u00a0\u00bbVous voulez savoir combien cela vous co\u00fbterait pour faire votre asphalte?\u00a0\u00bb button_url=\u00a0\u00bb@ET-DC@eyJkeW5hbWljIjp0cnVlLCJjb250ZW50IjoicG9zdF9saW5rX3VybF9wYWdlIiwic2V0dGluZ3MiOnsicG9zdF9pZCI6IjY5OTEifX0=@\u00a0\u00bb button_text=\u00a0\u00bbEssayez notre calculateur de prix\u00a0\u00bb _builder_version=\u00a0\u00bb4.25.1&Prime; _dynamic_attributes=\u00a0\u00bbbutton_url\u00a0\u00bb _module_preset=\u00a0\u00bbdefault\u00a0\u00bb header_text_color=\u00a0\u00bb#202d3c\u00a0\u00bb background_color=\u00a0\u00bb#faa31a\u00a0\u00bb custom_button=\u00a0\u00bbon\u00a0\u00bb button_text_color=\u00a0\u00bb#FFFFFF\u00a0\u00bb button_bg_color=\u00a0\u00bb#202d3c\u00a0\u00bb button_border_width=\u00a0\u00bb0px\u00a0\u00bb global_colors_info=\u00a0\u00bb{}\u00a0\u00bb][\/et_pb_cta][\/et_pb_column][\/et_pb_row][\/et_pb_section][et_pb_section fb_built=\u00a0\u00bb1&Prime; _builder_version=\u00a0\u00bb4.25.1&Prime; _module_preset=\u00a0\u00bbdefault\u00a0\u00bb global_colors_info=\u00a0\u00bb{}\u00a0\u00bb][et_pb_row column_structure=\u00a0\u00bb1_2,1_2&Prime; _builder_version=\u00a0\u00bb4.25.1&Prime; _module_preset=\u00a0\u00bbdefault\u00a0\u00bb global_colors_info=\u00a0\u00bb{}\u00a0\u00bb][et_pb_column type=\u00a0\u00bb1_2&Prime; _builder_version=\u00a0\u00bb4.25.1&Prime; _module_preset=\u00a0\u00bbdefault\u00a0\u00bb global_colors_info=\u00a0\u00bb{}\u00a0\u00bb][et_pb_text _builder_version=\u00a0\u00bb4.25.1&Prime; _module_preset=\u00a0\u00bbdefault\u00a0\u00bb global_colors_info=\u00a0\u00bb{}\u00a0\u00bb]<\/p>\n<h3>Asphaltage r\u00e9sidentiel<\/h3>\n<p>Nos experts en asphaltage r\u00e9sidentiel sont \u00e0 votre service pour r\u00e9aliser vos projets <strong>\u00a0d&rsquo;entr\u00e9es d&rsquo;asphaltage<\/strong> et bien plus.<\/p>\n<p>Nous utilisons des mat\u00e9riaux de qualit\u00e9 sup\u00e9rieure et des techniques \u00e9prouv\u00e9es pour vous garantir un r\u00e9sultat \u00e0 la hauteur de vos attentes.<\/p>\n<p>[\/et_pb_text][\/et_pb_column][et_pb_column type=\u00a0\u00bb1_2&Prime; _builder_version=\u00a0\u00bb4.25.1&Prime; _module_preset=\u00a0\u00bbdefault\u00a0\u00bb global_colors_info=\u00a0\u00bb{}\u00a0\u00bb][et_pb_image src=\u00a0\u00bbhttp:\/\/www.lespavagesmonteregiens.com\/soumission\/wp-content\/uploads\/2025\/03\/1658350322_asphalte-rive-sud-residentiel.webp\u00a0\u00bb title_text=\u00a0\u00bb1658350322_asphalte-rive-sud-residentiel\u00a0\u00bb _builder_version=\u00a0\u00bb4.25.1&Prime; _module_preset=\u00a0\u00bbdefault\u00a0\u00bb global_colors_info=\u00a0\u00bb{}\u00a0\u00bb][\/et_pb_image][\/et_pb_column][\/et_pb_row][et_pb_row column_structure=\u00a0\u00bb1_2,1_2&Prime; _builder_version=\u00a0\u00bb4.25.1&Prime; _module_preset=\u00a0\u00bbdefault\u00a0\u00bb global_colors_info=\u00a0\u00bb{}\u00a0\u00bb][et_pb_column type=\u00a0\u00bb1_2&Prime; _builder_version=\u00a0\u00bb4.25.1&Prime; _module_preset=\u00a0\u00bbdefault\u00a0\u00bb global_colors_info=\u00a0\u00bb{}\u00a0\u00bb][et_pb_image src=\u00a0\u00bbhttp:\/\/www.lespavagesmonteregiens.com\/soumission\/wp-content\/uploads\/2025\/03\/1658350178_asphalte-commerciale-rive-sud.webp\u00a0\u00bb title_text=\u00a0\u00bb1658350178_asphalte-commerciale-rive-sud\u00a0\u00bb _builder_version=\u00a0\u00bb4.25.1&Prime; _module_preset=\u00a0\u00bbdefault\u00a0\u00bb global_colors_info=\u00a0\u00bb{}\u00a0\u00bb][\/et_pb_image][\/et_pb_column][et_pb_column type=\u00a0\u00bb1_2&Prime; _builder_version=\u00a0\u00bb4.25.1&Prime; _module_preset=\u00a0\u00bbdefault\u00a0\u00bb global_colors_info=\u00a0\u00bb{}\u00a0\u00bb][et_pb_text _builder_version=\u00a0\u00bb4.25.1&Prime; _module_preset=\u00a0\u00bbdefault\u00a0\u00bb global_colors_info=\u00a0\u00bb{}\u00a0\u00bb]<\/p>\n<h3>Asphaltage commercial<\/h3>\n<p>Les Pavages Mont\u00e9r\u00e9giens est \u00e9galement sp\u00e9cialis\u00e9 dans l&rsquo;asphaltage commercial. Nous mettons notre expertise \u00e0 votre disposition pour des <strong>projets de stationnement, de trottoirs, de bordure de b\u00e9ton et d&rsquo;autres surfaces commerciales.<\/strong><\/p>\n<p>Notre objectif est de vous fournir un rev\u00eatement r\u00e9sistant et esth\u00e9tique, qui contribuera au succ\u00e8s de votre entreprise.<\/p>\n<p>[\/et_pb_text][\/et_pb_column][\/et_pb_row][et_pb_row _builder_version=\u00a0\u00bb4.25.1&Prime; _module_preset=\u00a0\u00bbdefault\u00a0\u00bb global_colors_info=\u00a0\u00bb{}\u00a0\u00bb][et_pb_column type=\u00a0\u00bb4_4&Prime; _builder_version=\u00a0\u00bb4.25.1&Prime; _module_preset=\u00a0\u00bbdefault\u00a0\u00bb global_colors_info=\u00a0\u00bb{}\u00a0\u00bb][et_pb_text _builder_version=\u00a0\u00bb4.25.1&Prime; _module_preset=\u00a0\u00bbdefault\u00a0\u00bb global_colors_info=\u00a0\u00bb{}\u00a0\u00bb]<\/p>\n<div class=\"gp-text-container gp-component gp-component-id-VJHr_37WL4\" data-gp-style=\"\" data-gp-text=\"\" data-gp-dnd=\"\" data-gp-component-id=\"VJHr_37WL4\" data-gp-component=\"null\" tabindex=\"0\">\n<h2 class=\"gp-component-id-lJXQT_Dxc\" data-id=\"quill-node-0\" style=\"text-align: center;\">Travaux de pavage, asphaltage, b\u00e9ton et d&rsquo;excavation<\/h2>\n<\/div>\n<div class=\"gp-text-container gp-component gp-component-id-K9uPLhmre\" data-gp-style=\"\" data-gp-text=\"\" data-gp-dnd=\"\" data-gp-component-id=\"K9uPLhmre\" data-gp-component=\"null\" tabindex=\"0\">\n<p class=\"gp-component-id-lknBfkeBNM\" data-id=\"quill-node-0\" style=\"text-align: center;\">Les Pavages Mont\u00e9r\u00e9giens est avant tout une entreprise locale situ\u00e9e sur la rive-sud de Montr\u00e9al.<\/p>\n<\/div>\n<p>[\/et_pb_text][et_pb_button button_url=\u00a0\u00bb@ET-DC@eyJkeW5hbWljIjp0cnVlLCJjb250ZW50IjoicG9zdF9saW5rX3VybF9wYWdlIiwic2V0dGluZ3MiOnsicG9zdF9pZCI6IjY5OTEifX0=@\u00a0\u00bb button_text=\u00a0\u00bbEssayez notre calucalateur de prix\u00a0\u00bb button_alignment=\u00a0\u00bbcenter\u00a0\u00bb _builder_version=\u00a0\u00bb4.25.1&Prime; _dynamic_attributes=\u00a0\u00bbbutton_url\u00a0\u00bb _module_preset=\u00a0\u00bbdefault\u00a0\u00bb custom_button=\u00a0\u00bbon\u00a0\u00bb button_text_color=\u00a0\u00bb#000000&Prime; button_bg_color=\u00a0\u00bb#ff9900&Prime; global_colors_info=\u00a0\u00bb{}\u00a0\u00bb][\/et_pb_button][\/et_pb_column][\/et_pb_row][\/et_pb_section][et_pb_section fb_built=\u00a0\u00bb1&Prime; _builder_version=\u00a0\u00bb4.25.1&Prime; _module_preset=\u00a0\u00bbdefault\u00a0\u00bb background_color=\u00a0\u00bb#f2f2f2&Prime; global_module=\u00a0\u00bb7253&Prime; saved_tabs=\u00a0\u00bball\u00a0\u00bb global_colors_info=\u00a0\u00bb{}\u00a0\u00bb][et_pb_row column_structure=\u00a0\u00bb2_5,3_5&Prime; _builder_version=\u00a0\u00bb4.25.1&Prime; _module_preset=\u00a0\u00bbdefault\u00a0\u00bb global_colors_info=\u00a0\u00bb{}\u00a0\u00bb][et_pb_column type=\u00a0\u00bb2_5&Prime; _builder_version=\u00a0\u00bb4.25.1&Prime; _module_preset=\u00a0\u00bbdefault\u00a0\u00bb global_colors_info=\u00a0\u00bb{}\u00a0\u00bb][et_pb_text _builder_version=\u00a0\u00bb4.25.1&Prime; _module_preset=\u00a0\u00bbdefault\u00a0\u00bb background_color=\u00a0\u00bb#faa31a\u00a0\u00bb custom_padding=\u00a0\u00bb30px|30px|30px|30px|true|true\u00a0\u00bb border_radii=\u00a0\u00bbon|6px|6px|6px|6px\u00a0\u00bb box_shadow_style=\u00a0\u00bbpreset3&Prime; global_colors_info=\u00a0\u00bb{}\u00a0\u00bb]<\/p>\n<h3><strong>Un processus rigoureux<\/strong><\/h3>\n<p>Notre processus d&rsquo;asphaltage suit les meilleures pratiques de l&rsquo;industrie pour assurer la durabilit\u00e9 et la qualit\u00e9 de nos r\u00e9alisations.<\/p>\n<p>De l&rsquo;excavation \u00e0 la pose de l&rsquo;asphalte en passant par la pr\u00e9paration du terrain, chaque \u00e9tape est r\u00e9alis\u00e9e avec soin et pr\u00e9cision.<\/p>\n<p>[\/et_pb_text][\/et_pb_column][et_pb_column type=\u00a0\u00bb3_5&Prime; _builder_version=\u00a0\u00bb4.25.1&Prime; _module_preset=\u00a0\u00bbdefault\u00a0\u00bb global_colors_info=\u00a0\u00bb{}\u00a0\u00bb][et_pb_image src=\u00a0\u00bbhttp:\/\/www.lespavagesmonteregiens.com\/wp-content\/uploads\/2020\/05\/les-pavages-monteregiens-logo-large.png\u00a0\u00bb title_text=\u00a0\u00bbles-pavages-monteregiens-logo-large\u00a0\u00bb _builder_version=\u00a0\u00bb4.25.1&Prime; _module_preset=\u00a0\u00bbdefault\u00a0\u00bb width=\u00a0\u00bb70%\u00a0\u00bb hover_enabled=\u00a0\u00bb0&Prime; global_colors_info=\u00a0\u00bb{}\u00a0\u00bb sticky_enabled=\u00a0\u00bb0&Prime;][\/et_pb_image][et_pb_text _builder_version=\u00a0\u00bb4.25.1&Prime; _module_preset=\u00a0\u00bbdefault\u00a0\u00bb global_colors_info=\u00a0\u00bb{}\u00a0\u00bb]<\/p>\n<h3>Pourquoi choisir Les Pavages Mont\u00e9r\u00e9giens?<\/h3>\n<p>En faisant confiance \u00e0 Les Pavages Mont\u00e9r\u00e9giens pour vos projets d&rsquo;asphaltage, vous b\u00e9n\u00e9ficiez de :<\/p>\n<ul>\n<li>Plus de 15 ans d&rsquo;exp\u00e9rience dans le domaine de l&rsquo;asphalte;<\/li>\n<li>Un service personnalis\u00e9 et \u00e0 l&rsquo;\u00e9coute de vos besoins;<\/li>\n<li>Une expertise reconnue en mati\u00e8re de pavage r\u00e9sidentiel et commercial;<\/li>\n<li>Des mat\u00e9riaux de qualit\u00e9 sup\u00e9rieure et des techniques \u00e9prouv\u00e9es;<\/li>\n<li>Un accompagnement et des conseils \u00e0 chaque \u00e9tape de votre projet.<\/li>\n<\/ul>\n<p>[\/et_pb_text][\/et_pb_column][\/et_pb_row][\/et_pb_section][et_pb_section fb_built=\u00a0\u00bb1&Prime; _builder_version=\u00a0\u00bb4.25.1&Prime; _module_preset=\u00a0\u00bbdefault\u00a0\u00bb background_color=\u00a0\u00bb#031730&Prime; global_colors_info=\u00a0\u00bb{}\u00a0\u00bb][et_pb_row _builder_version=\u00a0\u00bb4.25.1&Prime; _module_preset=\u00a0\u00bbdefault\u00a0\u00bb global_colors_info=\u00a0\u00bb{}\u00a0\u00bb][et_pb_column type=\u00a0\u00bb4_4&Prime; _builder_version=\u00a0\u00bb4.25.1&Prime; _module_preset=\u00a0\u00bbdefault\u00a0\u00bb global_colors_info=\u00a0\u00bb{}\u00a0\u00bb][et_pb_text _builder_version=\u00a0\u00bb4.25.1&Prime; _module_preset=\u00a0\u00bbdefault\u00a0\u00bb background_layout=\u00a0\u00bbdark\u00a0\u00bb global_colors_info=\u00a0\u00bb{}\u00a0\u00bb]<\/p>\n<h2 style=\"text-align: center;\">Quelques r\u00e9alisations<\/h2>\n<p>[\/et_pb_text][\/et_pb_column][\/et_pb_row][et_pb_row column_structure=\u00a0\u00bb1_3,1_3,1_3&Prime; _builder_version=\u00a0\u00bb4.25.1&Prime; _module_preset=\u00a0\u00bbdefault\u00a0\u00bb global_colors_info=\u00a0\u00bb{}\u00a0\u00bb][et_pb_column type=\u00a0\u00bb1_3&Prime; _builder_version=\u00a0\u00bb4.25.1&Prime; _module_preset=\u00a0\u00bbdefault\u00a0\u00bb global_colors_info=\u00a0\u00bb{}\u00a0\u00bb][et_pb_image src=\u00a0\u00bbhttp:\/\/www.lespavagesmonteregiens.com\/soumission\/wp-content\/uploads\/2025\/03\/1658350167_asphalte-rive-sud-parking.webp\u00a0\u00bb title_text=\u00a0\u00bb1658350167_asphalte-rive-sud-parking\u00a0\u00bb _builder_version=\u00a0\u00bb4.25.1&Prime; _module_preset=\u00a0\u00bbdefault\u00a0\u00bb global_colors_info=\u00a0\u00bb{}\u00a0\u00bb][\/et_pb_image][et_pb_image src=\u00a0\u00bbhttp:\/\/www.lespavagesmonteregiens.com\/soumission\/wp-content\/uploads\/2025\/03\/1658350322_asphalte-rive-sud-residentiel.webp\u00a0\u00bb title_text=\u00a0\u00bb1658350322_asphalte-rive-sud-residentiel\u00a0\u00bb _builder_version=\u00a0\u00bb4.25.1&Prime; _module_preset=\u00a0\u00bbdefault\u00a0\u00bb global_colors_info=\u00a0\u00bb{}\u00a0\u00bb][\/et_pb_image][et_pb_image src=\u00a0\u00bbhttp:\/\/www.lespavagesmonteregiens.com\/soumission\/wp-content\/uploads\/2025\/03\/1658350434_terrassement-rive-sud-escalier-pave-uni.webp\u00a0\u00bb title_text=\u00a0\u00bb1658350434_terrassement-rive-sud-escalier-pave-uni\u00a0\u00bb _builder_version=\u00a0\u00bb4.25.1&Prime; _module_preset=\u00a0\u00bbdefault\u00a0\u00bb global_colors_info=\u00a0\u00bb{}\u00a0\u00bb][\/et_pb_image][et_pb_image src=\u00a0\u00bbhttp:\/\/www.lespavagesmonteregiens.com\/soumission\/wp-content\/uploads\/2025\/03\/1658350308_asphalte-rive-sud-parking-2.webp\u00a0\u00bb title_text=\u00a0\u00bb1658350308_asphalte-rive-sud-parking-2&Prime; _builder_version=\u00a0\u00bb4.25.1&Prime; _module_preset=\u00a0\u00bbdefault\u00a0\u00bb global_colors_info=\u00a0\u00bb{}\u00a0\u00bb][\/et_pb_image][\/et_pb_column][et_pb_column type=\u00a0\u00bb1_3&Prime; _builder_version=\u00a0\u00bb4.25.1&Prime; _module_preset=\u00a0\u00bbdefault\u00a0\u00bb global_colors_info=\u00a0\u00bb{}\u00a0\u00bb][et_pb_image src=\u00a0\u00bbhttp:\/\/www.lespavagesmonteregiens.com\/soumission\/wp-content\/uploads\/2025\/03\/1658350344_parking-asphalte-rive-sud.webp\u00a0\u00bb title_text=\u00a0\u00bb1658350344_parking-asphalte-rive-sud\u00a0\u00bb _builder_version=\u00a0\u00bb4.25.1&Prime; _module_preset=\u00a0\u00bbdefault\u00a0\u00bb global_colors_info=\u00a0\u00bb{}\u00a0\u00bb][\/et_pb_image][et_pb_image src=\u00a0\u00bbhttp:\/\/www.lespavagesmonteregiens.com\/soumission\/wp-content\/uploads\/2025\/03\/1658350178_asphalte-commerciale-rive-sud.webp\u00a0\u00bb title_text=\u00a0\u00bb1658350178_asphalte-commerciale-rive-sud\u00a0\u00bb _builder_version=\u00a0\u00bb4.25.1&Prime; _module_preset=\u00a0\u00bbdefault\u00a0\u00bb global_colors_info=\u00a0\u00bb{}\u00a0\u00bb][\/et_pb_image][et_pb_image src=\u00a0\u00bbhttp:\/\/www.lespavagesmonteregiens.com\/soumission\/wp-content\/uploads\/2025\/03\/1658350448_trottoire-asphalte-rive-sud.webp\u00a0\u00bb title_text=\u00a0\u00bb1658350448_trottoire-asphalte-rive-sud\u00a0\u00bb _builder_version=\u00a0\u00bb4.25.1&Prime; _module_preset=\u00a0\u00bbdefault\u00a0\u00bb global_colors_info=\u00a0\u00bb{}\u00a0\u00bb][\/et_pb_image][et_pb_image src=\u00a0\u00bbhttp:\/\/www.lespavagesmonteregiens.com\/soumission\/wp-content\/uploads\/2025\/03\/1658350238_pave-uni-rive-sud.webp\u00a0\u00bb title_text=\u00a0\u00bb1658350238_pave-uni-rive-sud\u00a0\u00bb _builder_version=\u00a0\u00bb4.25.1&Prime; _module_preset=\u00a0\u00bbdefault\u00a0\u00bb global_colors_info=\u00a0\u00bb{}\u00a0\u00bb][\/et_pb_image][\/et_pb_column][et_pb_column type=\u00a0\u00bb1_3&Prime; _builder_version=\u00a0\u00bb4.25.1&Prime; _module_preset=\u00a0\u00bbdefault\u00a0\u00bb global_colors_info=\u00a0\u00bb{}\u00a0\u00bb][et_pb_image src=\u00a0\u00bbhttp:\/\/www.lespavagesmonteregiens.com\/soumission\/wp-content\/uploads\/2025\/03\/1658350363_stationnement-asphalte-rive-sud.webp\u00a0\u00bb title_text=\u00a0\u00bb1658350363_stationnement-asphalte-rive-sud\u00a0\u00bb _builder_version=\u00a0\u00bb4.25.1&Prime; _module_preset=\u00a0\u00bbdefault\u00a0\u00bb global_colors_info=\u00a0\u00bb{}\u00a0\u00bb][\/et_pb_image][et_pb_image src=\u00a0\u00bbhttp:\/\/www.lespavagesmonteregiens.com\/soumission\/wp-content\/uploads\/2025\/03\/1658350193_asphalte-rive-sud-entree.webp\u00a0\u00bb title_text=\u00a0\u00bb1658350193_asphalte-rive-sud-entree\u00a0\u00bb _builder_version=\u00a0\u00bb4.25.1&Prime; _module_preset=\u00a0\u00bbdefault\u00a0\u00bb global_colors_info=\u00a0\u00bb{}\u00a0\u00bb][\/et_pb_image][et_pb_image src=\u00a0\u00bbhttp:\/\/www.lespavagesmonteregiens.com\/soumission\/wp-content\/uploads\/2025\/03\/1658350485_trottoire-pave-uni-rive-sud.webp\u00a0\u00bb title_text=\u00a0\u00bb1658350485_trottoire-pave-uni-rive-sud\u00a0\u00bb _builder_version=\u00a0\u00bb4.25.1&Prime; _module_preset=\u00a0\u00bbdefault\u00a0\u00bb global_colors_info=\u00a0\u00bb{}\u00a0\u00bb][\/et_pb_image][et_pb_image src=\u00a0\u00bbhttp:\/\/www.lespavagesmonteregiens.com\/soumission\/wp-content\/uploads\/2025\/03\/1658350253_compagnie-asphalte-rive-sud.webp\u00a0\u00bb title_text=\u00a0\u00bb1658350253_compagnie-asphalte-rive-sud\u00a0\u00bb _builder_version=\u00a0\u00bb4.25.1&Prime; _module_preset=\u00a0\u00bbdefault\u00a0\u00bb global_colors_info=\u00a0\u00bb{}\u00a0\u00bb][\/et_pb_image][\/et_pb_column][\/et_pb_row][\/et_pb_section][et_pb_section fb_built=\u00a0\u00bb1&Prime; _builder_version=\u00a0\u00bb4.25.1&Prime; _module_preset=\u00a0\u00bbdefault\u00a0\u00bb global_module=\u00a0\u00bb7243&Prime; saved_tabs=\u00a0\u00bball\u00a0\u00bb global_colors_info=\u00a0\u00bb{}\u00a0\u00bb][et_pb_row _builder_version=\u00a0\u00bb4.25.1&Prime; _module_preset=\u00a0\u00bbdefault\u00a0\u00bb global_colors_info=\u00a0\u00bb{}\u00a0\u00bb][et_pb_column type=\u00a0\u00bb4_4&Prime; _builder_version=\u00a0\u00bb4.25.1&Prime; _module_preset=\u00a0\u00bbdefault\u00a0\u00bb global_colors_info=\u00a0\u00bb{}\u00a0\u00bb][et_pb_cta title=\u00a0\u00bbVous voulez savoir combien cela vous co\u00fbterait pour faire votre asphalte?\u00a0\u00bb button_url=\u00a0\u00bb@ET-DC@eyJkeW5hbWljIjp0cnVlLCJjb250ZW50IjoicG9zdF9saW5rX3VybF9wYWdlIiwic2V0dGluZ3MiOnsicG9zdF9pZCI6IjY5OTEifX0=@\u00a0\u00bb button_text=\u00a0\u00bbEssayez notre calculateur de prix\u00a0\u00bb _builder_version=\u00a0\u00bb4.25.1&Prime; _dynamic_attributes=\u00a0\u00bbbutton_url\u00a0\u00bb _module_preset=\u00a0\u00bbdefault\u00a0\u00bb header_text_color=\u00a0\u00bb#202d3c\u00a0\u00bb background_color=\u00a0\u00bb#faa31a\u00a0\u00bb custom_button=\u00a0\u00bbon\u00a0\u00bb button_text_color=\u00a0\u00bb#FFFFFF\u00a0\u00bb button_bg_color=\u00a0\u00bb#202d3c\u00a0\u00bb button_border_width=\u00a0\u00bb0px\u00a0\u00bb global_colors_info=\u00a0\u00bb{}\u00a0\u00bb][\/et_pb_cta][\/et_pb_column][\/et_pb_row][\/et_pb_section]<\/p>\n","protected":false},"excerpt":{"rendered":"<p>Service d&rsquo;asphaltage Solutions durables et esth\u00e9tiques pour l&rsquo;asphaltage r\u00e9sidentiel et commercial sur la rive-sud de Montr\u00e9al Les Pavages Mont\u00e9r\u00e9giens est votre partenaire de choix pour tous vos projets d&rsquo;asphaltage r\u00e9sidentiel et commercial sur la rive-sud de Montr\u00e9al. Forts de plus de 20 ans d&rsquo;exp\u00e9rience, nous nous engageons \u00e0 vous offrir des solutions durables et esth\u00e9tiques [&hellip;]<\/p>\n","protected":false},"author":1,"featured_media":0,"parent":0,"menu_order":0,"comment_status":"closed","ping_status":"closed","template":"","meta":{"_et_pb_use_builder":"on","_et_pb_old_content":"","_et_gb_content_width":"","footnotes":""},"class_list":["post-7217","page","type-page","status-publish","hentry"],"_links":{"self":[{"href":"http:\/\/www.lespavagesmonteregiens.com\/soumission\/wp-json\/wp\/v2\/pages\/7217","targetHints":{"allow":["GET"]}}],"collection":[{"href":"http:\/\/www.lespavagesmonteregiens.com\/soumission\/wp-json\/wp\/v2\/pages"}],"about":[{"href":"http:\/\/www.lespavagesmonteregiens.com\/soumission\/wp-json\/wp\/v2\/types\/page"}],"author":[{"embeddable":true,"href":"http:\/\/www.lespavagesmonteregiens.com\/soumission\/wp-json\/wp\/v2\/users\/1"}],"replies":[{"embeddable":true,"href":"http:\/\/www.lespavagesmonteregiens.com\/soumission\/wp-json\/wp\/v2\/comments?post=7217"}],"version-history":[{"count":8,"href":"http:\/\/www.lespavagesmonteregiens.com\/soumission\/wp-json\/wp\/v2\/pages\/7217\/revisions"}],"predecessor-version":[{"id":7321,"href":"http:\/\/www.lespavagesmonteregiens.com\/soumission\/wp-json\/wp\/v2\/pages\/7217\/revisions\/7321"}],"wp:attachment":[{"href":"http:\/\/www.lespavagesmonteregiens.com\/soumission\/wp-json\/wp\/v2\/media?parent=7217"}],"curies":[{"name":"wp","href":"https:\/\/api.w.org\/{rel}","templated":true}]}}